{"id":391,"date":"2025-06-10T12:11:59","date_gmt":"2025-06-10T10:11:59","guid":{"rendered":"https:\/\/www.likouala.com\/popolazioni-pigmee\/"},"modified":"2025-11-28T13:14:25","modified_gmt":"2025-11-28T12:14:25","slug":"peuples-autochtones","status":"publish","type":"page","link":"https:\/\/www.likouala.com\/fr\/peuples-autochtones\/","title":{"rendered":"Peuples autochtones"},"content":{"rendered":"<p style=\"text-align: center;\">V\u00e9ritables \u00ab propri\u00e9taires \u00bb traditionnels de la for\u00eat, les peuples autochtones restent aujourd\u2019hui fortement marginalis\u00e9s. De culture semi-nomade, ils sont souvent victimes d\u2019exploitations de la part de certaines populations bantoues et, dans certains cas, soumis \u00e0 des formes d\u2019asservissement.<\/p>\n<blockquote>\n<p style=\"text-align: center;\"><strong>La m\u00e9\ufb01ance et le sentiment d\u2019inf\u00e9riorit\u00e9 nourris par des g\u00e9n\u00e9rations de discriminations rendent leur approche d\u00e9licate : les autochtones refusent parfois l\u2019aide ext\u00e9rieure par attachement \u00e0 leurs traditions.<\/strong><\/p>\n<\/blockquote>\n<p style=\"text-align: center;\">La soci\u00e9t\u00e9 s\u2019engage \u00e0 les accompagner librement, dans le respect total de leurs modes de vie, a\ufb01n qu\u2019ils puissent b\u00e9n\u00e9\ufb01cier, s\u2019ils le souhaitent, des programmes \u00e9ducatifs et sanitaires mis en place.<\/p>\n<p style=\"text-align: center;\">L\u2019un des objectifs est \u00e9galement de favoriser leur int\u00e9gration dans les processus de gestion durable, notamment \u00e0 travers la cartographie sociale participative et la concertation. Likouala Timber \u0153uvre aussi pour renforcer leur alphab\u00e9tisation et am\u00e9liorer leur acc\u00e8s aux soins.<br \/>\nEn effet, certaines communaut\u00e9s autochtones souffrent encore de maladies telles que la l\u00e8pre ou le pian. Non repr\u00e9sent\u00e9es dans les instances d\u00e9cisionnelles de leur pays, elles font toujours face \u00e0 d\u2019importants d\u00e9\ufb01s pour jouir pleinement de leurs droits humains et civiques au XXI<sup>\u00e8me<\/sup> si\u00e8cle.<\/p>\n","protected":false},"excerpt":{"rendered":"<p>V\u00e9ritables \u00ab propri\u00e9taires \u00bb traditionnels de la for\u00eat, les peuples autochtones restent aujourd\u2019hui fortement marginalis\u00e9s. De culture semi-nomade, ils sont souvent victimes d\u2019exploitations de la part de certaines populations bantoues et, dans certains cas, soumis \u00e0 des formes d\u2019asservissement. La m\u00e9\ufb01ance et le sentiment d\u2019inf\u00e9riorit\u00e9 nourris par des g\u00e9n\u00e9rations de discriminations rendent leur approche d\u00e9licate [&hellip;]<\/p>\n","protected":false},"author":1,"featured_media":333,"parent":0,"menu_order":0,"comment_status":"closed","ping_status":"closed","template":"","meta":{"_acf_changed":false,"inline_featured_image":false,"footnotes":""},"class_list":["post-391","page","type-page","status-publish","has-post-thumbnail","hentry"],"acf":[],"yoast_head":"<!-- This site is optimized with the Yoast SEO plugin v26.2 - https:\/\/yoast.com\/wordpress\/plugins\/seo\/ -->\n<title>Peuples autochtones - Likouala Timber<\/title>\n<meta name=\"robots\" content=\"index, follow, max-snippet:-1, max-image-preview:large, max-video-preview:-1\" \/>\n<link rel=\"canonical\" href=\"https:\/\/www.likouala.com\/fr\/peuples-autochtones\/\" \/>\n<meta property=\"og:locale\" content=\"fr_FR\" \/>\n<meta property=\"og:type\" content=\"article\" \/>\n<meta property=\"og:title\" content=\"Peuples autochtones - Likouala Timber\" \/>\n<meta property=\"og:description\" content=\"V\u00e9ritables \u00ab propri\u00e9taires \u00bb traditionnels de la for\u00eat, les peuples autochtones restent aujourd\u2019hui fortement marginalis\u00e9s. De culture semi-nomade, ils sont souvent victimes d\u2019exploitations de la part de certaines populations bantoues et, dans certains cas, soumis \u00e0 des formes d\u2019asservissement. La m\u00e9\ufb01ance et le sentiment d\u2019inf\u00e9riorit\u00e9 nourris par des g\u00e9n\u00e9rations de discriminations rendent leur approche d\u00e9licate [&hellip;]\" \/>\n<meta property=\"og:url\" content=\"https:\/\/www.likouala.com\/fr\/peuples-autochtones\/\" \/>\n<meta property=\"og:site_name\" content=\"Likouala Timber\" \/>\n<meta property=\"article:modified_time\" content=\"2025-11-28T12:14:25+00:00\" \/>\n<meta property=\"og:image\" content=\"https:\/\/www.likouala.com\/wp-content\/uploads\/2025\/06\/reasponsabilita-sociale.jpg\" \/>\n\t<meta property=\"og:image:width\" content=\"1681\" \/>\n\t<meta property=\"og:image:height\" content=\"1159\" \/>\n\t<meta property=\"og:image:type\" content=\"image\/jpeg\" \/>\n<meta name=\"twitter:card\" content=\"summary_large_image\" \/>\n<meta name=\"twitter:label1\" content=\"Dur\u00e9e de lecture estim\u00e9e\" \/>\n\t<meta name=\"twitter:data1\" content=\"2 minutes\" \/>\n<script type=\"application\/ld+json\" class=\"yoast-schema-graph\">{\"@context\":\"https:\/\/schema.org\",\"@graph\":[{\"@type\":\"WebPage\",\"@id\":\"https:\/\/www.likouala.com\/fr\/peuples-autochtones\/\",\"url\":\"https:\/\/www.likouala.com\/fr\/peuples-autochtones\/\",\"name\":\"Peuples autochtones - Likouala Timber\",\"isPartOf\":{\"@id\":\"https:\/\/www.likouala.com\/#website\"},\"primaryImageOfPage\":{\"@id\":\"https:\/\/www.likouala.com\/fr\/peuples-autochtones\/#primaryimage\"},\"image\":{\"@id\":\"https:\/\/www.likouala.com\/fr\/peuples-autochtones\/#primaryimage\"},\"thumbnailUrl\":\"https:\/\/www.likouala.com\/wp-content\/uploads\/2025\/06\/reasponsabilita-sociale.jpg\",\"datePublished\":\"2025-06-10T10:11:59+00:00\",\"dateModified\":\"2025-11-28T12:14:25+00:00\",\"breadcrumb\":{\"@id\":\"https:\/\/www.likouala.com\/fr\/peuples-autochtones\/#breadcrumb\"},\"inLanguage\":\"fr-FR\",\"potentialAction\":[{\"@type\":\"ReadAction\",\"target\":[\"https:\/\/www.likouala.com\/fr\/peuples-autochtones\/\"]}]},{\"@type\":\"ImageObject\",\"inLanguage\":\"fr-FR\",\"@id\":\"https:\/\/www.likouala.com\/fr\/peuples-autochtones\/#primaryimage\",\"url\":\"https:\/\/www.likouala.com\/wp-content\/uploads\/2025\/06\/reasponsabilita-sociale.jpg\",\"contentUrl\":\"https:\/\/www.likouala.com\/wp-content\/uploads\/2025\/06\/reasponsabilita-sociale.jpg\",\"width\":1681,\"height\":1159},{\"@type\":\"BreadcrumbList\",\"@id\":\"https:\/\/www.likouala.com\/fr\/peuples-autochtones\/#breadcrumb\",\"itemListElement\":[{\"@type\":\"ListItem\",\"position\":1,\"name\":\"Home\",\"item\":\"https:\/\/www.likouala.com\/fr\/\"},{\"@type\":\"ListItem\",\"position\":2,\"name\":\"Peuples autochtones\"}]},{\"@type\":\"WebSite\",\"@id\":\"https:\/\/www.likouala.com\/#website\",\"url\":\"https:\/\/www.likouala.com\/\",\"name\":\"Likouala Timber\",\"description\":\"\",\"potentialAction\":[{\"@type\":\"SearchAction\",\"target\":{\"@type\":\"EntryPoint\",\"urlTemplate\":\"https:\/\/www.likouala.com\/?s={search_term_string}\"},\"query-input\":{\"@type\":\"PropertyValueSpecification\",\"valueRequired\":true,\"valueName\":\"search_term_string\"}}],\"inLanguage\":\"fr-FR\"}]}<\/script>\n<!-- \/ Yoast SEO plugin. -->","yoast_head_json":{"title":"Peuples autochtones - Likouala Timber","robots":{"index":"index","follow":"follow","max-snippet":"max-snippet:-1","max-image-preview":"max-image-preview:large","max-video-preview":"max-video-preview:-1"},"canonical":"https:\/\/www.likouala.com\/fr\/peuples-autochtones\/","og_locale":"fr_FR","og_type":"article","og_title":"Peuples autochtones - Likouala Timber","og_description":"V\u00e9ritables \u00ab propri\u00e9taires \u00bb traditionnels de la for\u00eat, les peuples autochtones restent aujourd\u2019hui fortement marginalis\u00e9s. De culture semi-nomade, ils sont souvent victimes d\u2019exploitations de la part de certaines populations bantoues et, dans certains cas, soumis \u00e0 des formes d\u2019asservissement. La m\u00e9\ufb01ance et le sentiment d\u2019inf\u00e9riorit\u00e9 nourris par des g\u00e9n\u00e9rations de discriminations rendent leur approche d\u00e9licate [&hellip;]","og_url":"https:\/\/www.likouala.com\/fr\/peuples-autochtones\/","og_site_name":"Likouala Timber","article_modified_time":"2025-11-28T12:14:25+00:00","og_image":[{"width":1681,"height":1159,"url":"https:\/\/www.likouala.com\/wp-content\/uploads\/2025\/06\/reasponsabilita-sociale.jpg","type":"image\/jpeg"}],"twitter_card":"summary_large_image","twitter_misc":{"Dur\u00e9e de lecture estim\u00e9e":"2 minutes"},"schema":{"@context":"https:\/\/schema.org","@graph":[{"@type":"WebPage","@id":"https:\/\/www.likouala.com\/fr\/peuples-autochtones\/","url":"https:\/\/www.likouala.com\/fr\/peuples-autochtones\/","name":"Peuples autochtones - Likouala Timber","isPartOf":{"@id":"https:\/\/www.likouala.com\/#website"},"primaryImageOfPage":{"@id":"https:\/\/www.likouala.com\/fr\/peuples-autochtones\/#primaryimage"},"image":{"@id":"https:\/\/www.likouala.com\/fr\/peuples-autochtones\/#primaryimage"},"thumbnailUrl":"https:\/\/www.likouala.com\/wp-content\/uploads\/2025\/06\/reasponsabilita-sociale.jpg","datePublished":"2025-06-10T10:11:59+00:00","dateModified":"2025-11-28T12:14:25+00:00","breadcrumb":{"@id":"https:\/\/www.likouala.com\/fr\/peuples-autochtones\/#breadcrumb"},"inLanguage":"fr-FR","potentialAction":[{"@type":"ReadAction","target":["https:\/\/www.likouala.com\/fr\/peuples-autochtones\/"]}]},{"@type":"ImageObject","inLanguage":"fr-FR","@id":"https:\/\/www.likouala.com\/fr\/peuples-autochtones\/#primaryimage","url":"https:\/\/www.likouala.com\/wp-content\/uploads\/2025\/06\/reasponsabilita-sociale.jpg","contentUrl":"https:\/\/www.likouala.com\/wp-content\/uploads\/2025\/06\/reasponsabilita-sociale.jpg","width":1681,"height":1159},{"@type":"BreadcrumbList","@id":"https:\/\/www.likouala.com\/fr\/peuples-autochtones\/#breadcrumb","itemListElement":[{"@type":"ListItem","position":1,"name":"Home","item":"https:\/\/www.likouala.com\/fr\/"},{"@type":"ListItem","position":2,"name":"Peuples autochtones"}]},{"@type":"WebSite","@id":"https:\/\/www.likouala.com\/#website","url":"https:\/\/www.likouala.com\/","name":"Likouala Timber","description":"","potentialAction":[{"@type":"SearchAction","target":{"@type":"EntryPoint","urlTemplate":"https:\/\/www.likouala.com\/?s={search_term_string}"},"query-input":{"@type":"PropertyValueSpecification","valueRequired":true,"valueName":"search_term_string"}}],"inLanguage":"fr-FR"}]}},"_links":{"self":[{"href":"https:\/\/www.likouala.com\/fr\/wp-json\/wp\/v2\/pages\/391","targetHints":{"allow":["GET"]}}],"collection":[{"href":"https:\/\/www.likouala.com\/fr\/wp-json\/wp\/v2\/pages"}],"about":[{"href":"https:\/\/www.likouala.com\/fr\/wp-json\/wp\/v2\/types\/page"}],"author":[{"embeddable":true,"href":"https:\/\/www.likouala.com\/fr\/wp-json\/wp\/v2\/users\/1"}],"replies":[{"embeddable":true,"href":"https:\/\/www.likouala.com\/fr\/wp-json\/wp\/v2\/comments?post=391"}],"version-history":[{"count":6,"href":"https:\/\/www.likouala.com\/fr\/wp-json\/wp\/v2\/pages\/391\/revisions"}],"predecessor-version":[{"id":648,"href":"https:\/\/www.likouala.com\/fr\/wp-json\/wp\/v2\/pages\/391\/revisions\/648"}],"wp:featuredmedia":[{"embeddable":true,"href":"https:\/\/www.likouala.com\/fr\/wp-json\/wp\/v2\/media\/333"}],"wp:attachment":[{"href":"https:\/\/www.likouala.com\/fr\/wp-json\/wp\/v2\/media?parent=391"}],"curies":[{"name":"wp","href":"https:\/\/api.w.org\/{rel}","templated":true}]}}