{"id":388,"date":"2025-06-10T12:02:40","date_gmt":"2025-06-10T10:02:40","guid":{"rendered":"https:\/\/www.likouala.com\/piano-di-gestione-sostenibile\/"},"modified":"2025-11-28T15:15:03","modified_gmt":"2025-11-28T14:15:03","slug":"piano-di-gestione-sostenibile","status":"publish","type":"page","link":"https:\/\/www.likouala.com\/fr\/piano-di-gestione-sostenibile\/","title":{"rendered":"Plan d\u2019am\u00e9nagement forestier durable"},"content":{"rendered":"<p>Le plan d\u2019am\u00e9nagement d\u2019une zone foresti\u00e8re regroupe l\u2019ensemble des \u00e9tudes et des documents n\u00e9cessaires pour mettre en oeuvre une exploitation durable, int\u00e9grant les dimensions \u00e9conomiques, \u00e9cologiques et sociales.<\/p>\n<p>La premi\u00e8re \u00e9tape consiste en une reconnaissance satellitaire des concessions, afin d\u2019acqu\u00e9rir une vision pr\u00e9cise du territoire. Une fois les caract\u00e9ristiques du terrain analys\u00e9es, un r\u00e9seau de layons rectilignes est trac\u00e9 : il sert de base \u00e0 une premi\u00e8re cartographie et permet aux \u00e9quipes de terrain d\u2019inventorier toutes les essences de diam\u00e8tre \u00e9gal ou sup\u00e9rieur \u00e0 20 cm.<\/p>\n<p>Apr\u00e8s l\u2019inventaire des arbres, les \u00e9quipes proc\u00e8dent \u00e9galement \u00e0 l\u2019identification des produits forestiers non ligneux, essentiels \u00e0 la vie des communaut\u00e9s locales.<\/p>\n<blockquote><p>Au total, cet inventaire couvre environ 1 % de la superficie \u00e9tudi\u00e9e.<\/p><\/blockquote>\n<p>Des analyses techniques, environnementales et sociales compl\u00e9mentaires sont ensuite r\u00e9alis\u00e9es afi d\u2019\u00e9laborer le plan d\u2019am\u00e9nagement durable.<br \/>\nCe document central rassemble toutes les informations sur la zone foresti\u00e8re et, apr\u00e8s consultations, projections et validation des donn\u00e9es, encadre l\u2019exploitation et l\u2019activit\u00e9 \u00e9conomique de la soci\u00e9t\u00e9 pour une p\u00e9riode d\u2019environ trente ans.<\/p>\n","protected":false},"excerpt":{"rendered":"<p>Le plan d\u2019am\u00e9nagement d\u2019une zone foresti\u00e8re regroupe l\u2019ensemble des \u00e9tudes et des documents n\u00e9cessaires pour mettre en oeuvre une exploitation durable, int\u00e9grant les dimensions \u00e9conomiques, \u00e9cologiques et sociales. La premi\u00e8re \u00e9tape consiste en une reconnaissance satellitaire des concessions, afin d\u2019acqu\u00e9rir une vision pr\u00e9cise du territoire. Une fois les caract\u00e9ristiques du terrain analys\u00e9es, un r\u00e9seau de [&hellip;]<\/p>\n","protected":false},"author":1,"featured_media":326,"parent":0,"menu_order":0,"comment_status":"closed","ping_status":"closed","template":"","meta":{"_acf_changed":false,"inline_featured_image":false,"footnotes":""},"class_list":["post-388","page","type-page","status-publish","has-post-thumbnail","hentry"],"acf":[],"yoast_head":"<!-- This site is optimized with the Yoast SEO plugin v26.2 - https:\/\/yoast.com\/wordpress\/plugins\/seo\/ -->\n<title>Plan d\u2019am\u00e9nagement forestier durable - Likouala Timber<\/title>\n<meta name=\"robots\" content=\"index, follow, max-snippet:-1, max-image-preview:large, max-video-preview:-1\" \/>\n<link rel=\"canonical\" href=\"https:\/\/www.likouala.com\/fr\/piano-di-gestione-sostenibile\/\" \/>\n<meta property=\"og:locale\" content=\"fr_FR\" \/>\n<meta property=\"og:type\" content=\"article\" \/>\n<meta property=\"og:title\" content=\"Plan d\u2019am\u00e9nagement forestier durable - Likouala Timber\" \/>\n<meta property=\"og:description\" content=\"Le plan d\u2019am\u00e9nagement d\u2019une zone foresti\u00e8re regroupe l\u2019ensemble des \u00e9tudes et des documents n\u00e9cessaires pour mettre en oeuvre une exploitation durable, int\u00e9grant les dimensions \u00e9conomiques, \u00e9cologiques et sociales. La premi\u00e8re \u00e9tape consiste en une reconnaissance satellitaire des concessions, afin d\u2019acqu\u00e9rir une vision pr\u00e9cise du territoire. Une fois les caract\u00e9ristiques du terrain analys\u00e9es, un r\u00e9seau de [&hellip;]\" \/>\n<meta property=\"og:url\" content=\"https:\/\/www.likouala.com\/fr\/piano-di-gestione-sostenibile\/\" \/>\n<meta property=\"og:site_name\" content=\"Likouala Timber\" \/>\n<meta property=\"article:modified_time\" content=\"2025-11-28T14:15:03+00:00\" \/>\n<meta property=\"og:image\" content=\"https:\/\/www.likouala.com\/wp-content\/uploads\/2025\/06\/gestione-sostenibile.jpg\" \/>\n\t<meta property=\"og:image:width\" content=\"1681\" \/>\n\t<meta property=\"og:image:height\" content=\"1112\" \/>\n\t<meta property=\"og:image:type\" content=\"image\/jpeg\" \/>\n<meta name=\"twitter:card\" content=\"summary_large_image\" \/>\n<meta name=\"twitter:label1\" content=\"Dur\u00e9e de lecture estim\u00e9e\" \/>\n\t<meta name=\"twitter:data1\" content=\"2 minutes\" \/>\n<script type=\"application\/ld+json\" class=\"yoast-schema-graph\">{\"@context\":\"https:\/\/schema.org\",\"@graph\":[{\"@type\":\"WebPage\",\"@id\":\"https:\/\/www.likouala.com\/fr\/piano-di-gestione-sostenibile\/\",\"url\":\"https:\/\/www.likouala.com\/fr\/piano-di-gestione-sostenibile\/\",\"name\":\"Plan d\u2019am\u00e9nagement forestier durable - Likouala Timber\",\"isPartOf\":{\"@id\":\"https:\/\/www.likouala.com\/#website\"},\"primaryImageOfPage\":{\"@id\":\"https:\/\/www.likouala.com\/fr\/piano-di-gestione-sostenibile\/#primaryimage\"},\"image\":{\"@id\":\"https:\/\/www.likouala.com\/fr\/piano-di-gestione-sostenibile\/#primaryimage\"},\"thumbnailUrl\":\"https:\/\/www.likouala.com\/wp-content\/uploads\/2025\/06\/gestione-sostenibile.jpg\",\"datePublished\":\"2025-06-10T10:02:40+00:00\",\"dateModified\":\"2025-11-28T14:15:03+00:00\",\"breadcrumb\":{\"@id\":\"https:\/\/www.likouala.com\/fr\/piano-di-gestione-sostenibile\/#breadcrumb\"},\"inLanguage\":\"fr-FR\",\"potentialAction\":[{\"@type\":\"ReadAction\",\"target\":[\"https:\/\/www.likouala.com\/fr\/piano-di-gestione-sostenibile\/\"]}]},{\"@type\":\"ImageObject\",\"inLanguage\":\"fr-FR\",\"@id\":\"https:\/\/www.likouala.com\/fr\/piano-di-gestione-sostenibile\/#primaryimage\",\"url\":\"https:\/\/www.likouala.com\/wp-content\/uploads\/2025\/06\/gestione-sostenibile.jpg\",\"contentUrl\":\"https:\/\/www.likouala.com\/wp-content\/uploads\/2025\/06\/gestione-sostenibile.jpg\",\"width\":1681,\"height\":1112},{\"@type\":\"BreadcrumbList\",\"@id\":\"https:\/\/www.likouala.com\/fr\/piano-di-gestione-sostenibile\/#breadcrumb\",\"itemListElement\":[{\"@type\":\"ListItem\",\"position\":1,\"name\":\"Home\",\"item\":\"https:\/\/www.likouala.com\/fr\/\"},{\"@type\":\"ListItem\",\"position\":2,\"name\":\"Plan d\u2019am\u00e9nagement forestier durable\"}]},{\"@type\":\"WebSite\",\"@id\":\"https:\/\/www.likouala.com\/#website\",\"url\":\"https:\/\/www.likouala.com\/\",\"name\":\"Likouala Timber\",\"description\":\"\",\"potentialAction\":[{\"@type\":\"SearchAction\",\"target\":{\"@type\":\"EntryPoint\",\"urlTemplate\":\"https:\/\/www.likouala.com\/?s={search_term_string}\"},\"query-input\":{\"@type\":\"PropertyValueSpecification\",\"valueRequired\":true,\"valueName\":\"search_term_string\"}}],\"inLanguage\":\"fr-FR\"}]}<\/script>\n<!-- \/ Yoast SEO plugin. -->","yoast_head_json":{"title":"Plan d\u2019am\u00e9nagement forestier durable - Likouala Timber","robots":{"index":"index","follow":"follow","max-snippet":"max-snippet:-1","max-image-preview":"max-image-preview:large","max-video-preview":"max-video-preview:-1"},"canonical":"https:\/\/www.likouala.com\/fr\/piano-di-gestione-sostenibile\/","og_locale":"fr_FR","og_type":"article","og_title":"Plan d\u2019am\u00e9nagement forestier durable - Likouala Timber","og_description":"Le plan d\u2019am\u00e9nagement d\u2019une zone foresti\u00e8re regroupe l\u2019ensemble des \u00e9tudes et des documents n\u00e9cessaires pour mettre en oeuvre une exploitation durable, int\u00e9grant les dimensions \u00e9conomiques, \u00e9cologiques et sociales. La premi\u00e8re \u00e9tape consiste en une reconnaissance satellitaire des concessions, afin d\u2019acqu\u00e9rir une vision pr\u00e9cise du territoire. Une fois les caract\u00e9ristiques du terrain analys\u00e9es, un r\u00e9seau de [&hellip;]","og_url":"https:\/\/www.likouala.com\/fr\/piano-di-gestione-sostenibile\/","og_site_name":"Likouala Timber","article_modified_time":"2025-11-28T14:15:03+00:00","og_image":[{"width":1681,"height":1112,"url":"https:\/\/www.likouala.com\/wp-content\/uploads\/2025\/06\/gestione-sostenibile.jpg","type":"image\/jpeg"}],"twitter_card":"summary_large_image","twitter_misc":{"Dur\u00e9e de lecture estim\u00e9e":"2 minutes"},"schema":{"@context":"https:\/\/schema.org","@graph":[{"@type":"WebPage","@id":"https:\/\/www.likouala.com\/fr\/piano-di-gestione-sostenibile\/","url":"https:\/\/www.likouala.com\/fr\/piano-di-gestione-sostenibile\/","name":"Plan d\u2019am\u00e9nagement forestier durable - Likouala Timber","isPartOf":{"@id":"https:\/\/www.likouala.com\/#website"},"primaryImageOfPage":{"@id":"https:\/\/www.likouala.com\/fr\/piano-di-gestione-sostenibile\/#primaryimage"},"image":{"@id":"https:\/\/www.likouala.com\/fr\/piano-di-gestione-sostenibile\/#primaryimage"},"thumbnailUrl":"https:\/\/www.likouala.com\/wp-content\/uploads\/2025\/06\/gestione-sostenibile.jpg","datePublished":"2025-06-10T10:02:40+00:00","dateModified":"2025-11-28T14:15:03+00:00","breadcrumb":{"@id":"https:\/\/www.likouala.com\/fr\/piano-di-gestione-sostenibile\/#breadcrumb"},"inLanguage":"fr-FR","potentialAction":[{"@type":"ReadAction","target":["https:\/\/www.likouala.com\/fr\/piano-di-gestione-sostenibile\/"]}]},{"@type":"ImageObject","inLanguage":"fr-FR","@id":"https:\/\/www.likouala.com\/fr\/piano-di-gestione-sostenibile\/#primaryimage","url":"https:\/\/www.likouala.com\/wp-content\/uploads\/2025\/06\/gestione-sostenibile.jpg","contentUrl":"https:\/\/www.likouala.com\/wp-content\/uploads\/2025\/06\/gestione-sostenibile.jpg","width":1681,"height":1112},{"@type":"BreadcrumbList","@id":"https:\/\/www.likouala.com\/fr\/piano-di-gestione-sostenibile\/#breadcrumb","itemListElement":[{"@type":"ListItem","position":1,"name":"Home","item":"https:\/\/www.likouala.com\/fr\/"},{"@type":"ListItem","position":2,"name":"Plan d\u2019am\u00e9nagement forestier durable"}]},{"@type":"WebSite","@id":"https:\/\/www.likouala.com\/#website","url":"https:\/\/www.likouala.com\/","name":"Likouala Timber","description":"","potentialAction":[{"@type":"SearchAction","target":{"@type":"EntryPoint","urlTemplate":"https:\/\/www.likouala.com\/?s={search_term_string}"},"query-input":{"@type":"PropertyValueSpecification","valueRequired":true,"valueName":"search_term_string"}}],"inLanguage":"fr-FR"}]}},"_links":{"self":[{"href":"https:\/\/www.likouala.com\/fr\/wp-json\/wp\/v2\/pages\/388","targetHints":{"allow":["GET"]}}],"collection":[{"href":"https:\/\/www.likouala.com\/fr\/wp-json\/wp\/v2\/pages"}],"about":[{"href":"https:\/\/www.likouala.com\/fr\/wp-json\/wp\/v2\/types\/page"}],"author":[{"embeddable":true,"href":"https:\/\/www.likouala.com\/fr\/wp-json\/wp\/v2\/users\/1"}],"replies":[{"embeddable":true,"href":"https:\/\/www.likouala.com\/fr\/wp-json\/wp\/v2\/comments?post=388"}],"version-history":[{"count":3,"href":"https:\/\/www.likouala.com\/fr\/wp-json\/wp\/v2\/pages\/388\/revisions"}],"predecessor-version":[{"id":588,"href":"https:\/\/www.likouala.com\/fr\/wp-json\/wp\/v2\/pages\/388\/revisions\/588"}],"wp:featuredmedia":[{"embeddable":true,"href":"https:\/\/www.likouala.com\/fr\/wp-json\/wp\/v2\/media\/326"}],"wp:attachment":[{"href":"https:\/\/www.likouala.com\/fr\/wp-json\/wp\/v2\/media?parent=388"}],"curies":[{"name":"wp","href":"https:\/\/api.w.org\/{rel}","templated":true}]}}